{"id":669,"date":"2025-10-20T20:29:52","date_gmt":"2025-10-20T20:29:52","guid":{"rendered":"https:\/\/www.citytransfer.cl\/?page_id=669"},"modified":"2025-10-27T21:14:03","modified_gmt":"2025-10-27T21:14:03","slug":"programa-de-integridad-y-compliance","status":"publish","type":"page","link":"https:\/\/www.citytransfer.cl\/en\/programa-de-integridad-y-compliance\/","title":{"rendered":"PROGRAMA DE INTEGRIDAD Y COMPLIANCE"},"content":{"rendered":"<div data-elementor-type=\"wp-page\" data-elementor-id=\"669\" class=\"elementor elementor-669\" data-elementor-post-type=\"page\">\n\t\t\t\t\t\t<section class=\"elementor-section elementor-top-section elementor-element elementor-element-165589ae elementor-section-height-min-height elementor-section-boxed elementor-section-height-default elementor-section-items-middle\" data-id=\"165589ae\" data-element_type=\"section\" data-e-type=\"section\" data-settings=\"{&quot;background_background&quot;:&quot;classic&quot;}\">\n\t\t\t\t\t\t\t<div class=\"elementor-background-overlay\"><\/div>\n\t\t\t\t\t\t\t<div class=\"elementor-container elementor-column-gap-no\">\n\t\t\t\t\t<div class=\"elementor-column elementor-col-100 elementor-top-column elementor-element elementor-element-41b74535 elementor-invisible\" data-id=\"41b74535\" data-element_type=\"column\" data-e-type=\"column\" data-settings=\"{&quot;animation&quot;:&quot;fadeInDown&quot;}\">\n\t\t\t<div class=\"elementor-widget-wrap elementor-element-populated\">\n\t\t\t\t\t\t<div class=\"elementor-element elementor-element-6c7a0640 elementor-widget elementor-widget-heading\" data-id=\"6c7a0640\" data-element_type=\"widget\" data-e-type=\"widget\" data-widget_type=\"heading.default\">\n\t\t\t\t<div class=\"elementor-widget-container\">\n\t\t\t\t\t<h2 class=\"elementor-heading-title elementor-size-default\">PROGRAMA DE INTEGRIDAD Y COMPLIANCE<\/h2>\t\t\t\t<\/div>\n\t\t\t\t<\/div>\n\t\t\t\t<div class=\"elementor-element elementor-element-78f17435 elementor-icon-list--layout-inline elementor-align-center elementor-list-item-link-full_width elementor-widget elementor-widget-icon-list\" data-id=\"78f17435\" data-element_type=\"widget\" data-e-type=\"widget\" data-widget_type=\"icon-list.default\">\n\t\t\t\t<div class=\"elementor-widget-container\">\n\t\t\t\t\t\t\t<ul class=\"elementor-icon-list-items elementor-inline-items\">\n\t\t\t\t\t\t\t<li class=\"elementor-icon-list-item elementor-inline-item\">\n\t\t\t\t\t\t\t\t\t\t\t<a href=\"#\">\n\n\t\t\t\t\t\t\t\t\t\t\t<span class=\"elementor-icon-list-text\">Home<\/span>\n\t\t\t\t\t\t\t\t\t\t\t<\/a>\n\t\t\t\t\t\t\t\t\t<\/li>\n\t\t\t\t\t\t\t\t<li class=\"elementor-icon-list-item elementor-inline-item\">\n\t\t\t\t\t\t\t\t\t\t\t<a href=\"#\">\n\n\t\t\t\t\t\t\t\t\t\t\t\t<span class=\"elementor-icon-list-icon\">\n\t\t\t\t\t\t\t<svg aria-hidden=\"true\" class=\"e-font-icon-svg e-fas-chevron-circle-right\" viewbox=\"0 0 512 512\" xmlns=\"http:\/\/www.w3.org\/2000\/svg\"><path d=\"M256 8c137 0 248 111 248 248S393 504 256 504 8 393 8 256 119 8 256 8zm113.9 231L234.4 103.5c-9.4-9.4-24.6-9.4-33.9 0l-17 17c-9.4 9.4-9.4 24.6 0 33.9L285.1 256 183.5 357.6c-9.4 9.4-9.4 24.6 0 33.9l17 17c9.4 9.4 24.6 9.4 33.9 0L369.9 273c9.4-9.4 9.4-24.6 0-34z\"><\/path><\/svg>\t\t\t\t\t\t<\/span>\n\t\t\t\t\t\t\t\t\t\t<span class=\"elementor-icon-list-text\"><\/span>\n\t\t\t\t\t\t\t\t\t\t\t<\/a>\n\t\t\t\t\t\t\t\t\t<\/li>\n\t\t\t\t\t\t<\/ul>\n\t\t\t\t\t\t<\/div>\n\t\t\t\t<\/div>\n\t\t\t\t\t<\/div>\n\t\t<\/div>\n\t\t\t\t\t<\/div>\n\t\t<\/section>\n\t\t\t\t<section class=\"elementor-section elementor-top-section elementor-element elementor-element-777f5d74 elementor-section-boxed elementor-section-height-default elementor-section-height-default\" data-id=\"777f5d74\" data-element_type=\"section\" data-e-type=\"section\">\n\t\t\t\t\t\t<div class=\"elementor-container elementor-column-gap-no\">\n\t\t\t\t\t<div class=\"elementor-column elementor-col-100 elementor-top-column elementor-element elementor-element-76cc5129\" data-id=\"76cc5129\" data-element_type=\"column\" data-e-type=\"column\" data-settings=\"{&quot;background_background&quot;:&quot;classic&quot;}\">\n\t\t\t<div class=\"elementor-widget-wrap elementor-element-populated\">\n\t\t\t\t\t\t<section class=\"elementor-section elementor-inner-section elementor-element elementor-element-5732b11 elementor-section-boxed elementor-section-height-default elementor-section-height-default\" data-id=\"5732b11\" data-element_type=\"section\" data-e-type=\"section\">\n\t\t\t\t\t\t<div class=\"elementor-container elementor-column-gap-no\">\n\t\t\t\t\t<div class=\"elementor-column elementor-col-50 elementor-inner-column elementor-element elementor-element-4379d621\" data-id=\"4379d621\" data-element_type=\"column\" data-e-type=\"column\" data-settings=\"{&quot;background_background&quot;:&quot;classic&quot;}\">\n\t\t\t<div class=\"elementor-widget-wrap elementor-element-populated\">\n\t\t\t\t\t\t<div class=\"elementor-element elementor-element-4d11756 elementor-invisible elementor-widget elementor-widget-heading\" data-id=\"4d11756\" data-element_type=\"widget\" data-e-type=\"widget\" data-settings=\"{&quot;_animation&quot;:&quot;fadeInLeft&quot;}\" data-widget_type=\"heading.default\">\n\t\t\t\t<div class=\"elementor-widget-container\">\n\t\t\t\t\t<h2 class=\"elementor-heading-title elementor-size-default\">Introducci\u00f3n<\/h2>\t\t\t\t<\/div>\n\t\t\t\t<\/div>\n\t\t\t\t<div class=\"elementor-element elementor-element-1b9f59f elementor-invisible elementor-widget elementor-widget-heading\" data-id=\"1b9f59f\" data-element_type=\"widget\" data-e-type=\"widget\" data-settings=\"{&quot;_animation&quot;:&quot;fadeInUp&quot;}\" data-widget_type=\"heading.default\">\n\t\t\t\t<div class=\"elementor-widget-container\">\n\t\t\t\t\t<h2 class=\"elementor-heading-title elementor-size-default\">PROGRAMA DE INTEGRIDAD Y COMPLIANCE<\/h2>\t\t\t\t<\/div>\n\t\t\t\t<\/div>\n\t\t\t\t<div class=\"elementor-element elementor-element-2e9eb70c elementor-invisible elementor-widget elementor-widget-text-editor\" data-id=\"2e9eb70c\" data-element_type=\"widget\" data-e-type=\"widget\" data-settings=\"{&quot;_animation&quot;:&quot;fadeInLeft&quot;}\" data-widget_type=\"text-editor.default\">\n\t\t\t\t<div class=\"elementor-widget-container\">\n\t\t\t\t\t\t\t\t\t<p class=\"p1\">Nuestra empresa est\u00e1 comprometida con impulsar una cultura organizacional que se base en la \u00e9tica y la integridad. Es por esto por lo que hemos puesto en marcha un Programa de integridad y compliance cuyo objetivo es combatir la corrupci\u00f3n y la falta a la \u00e9tica en todos los procesos de nuestra empresa. Este programa cuenta con distintas etapas implementadas, las que se enumeran a continuaci\u00f3n:<\/p>\t\t\t\t\t\t\t\t<\/div>\n\t\t\t\t<\/div>\n\t\t\t\t<div class=\"elementor-element elementor-element-ec3c84f elementor-invisible elementor-widget elementor-widget-heading\" data-id=\"ec3c84f\" data-element_type=\"widget\" data-e-type=\"widget\" data-settings=\"{&quot;_animation&quot;:&quot;fadeInLeft&quot;}\" data-widget_type=\"heading.default\">\n\t\t\t\t<div class=\"elementor-widget-container\">\n\t\t\t\t\t<h2 class=\"elementor-heading-title elementor-size-default\">C\u00f3digo de \u00c9tica y Conducta<\/h2>\t\t\t\t<\/div>\n\t\t\t\t<\/div>\n\t\t\t\t<div class=\"elementor-element elementor-element-494ff9a elementor-invisible elementor-widget elementor-widget-text-editor\" data-id=\"494ff9a\" data-element_type=\"widget\" data-e-type=\"widget\" data-settings=\"{&quot;_animation&quot;:&quot;fadeInLeft&quot;}\" data-widget_type=\"text-editor.default\">\n\t\t\t\t<div class=\"elementor-widget-container\">\n\t\t\t\t\t\t\t\t\t<p class=\"p1\">Nuestra empresa promueve una cultura organizacional basada en la \u00e9tica y la integridad, es por esto por lo que hemos definido ciertas pr\u00e1cticas que son obligaci\u00f3n respetar para todos nuestros colaboradores, las que buscan prevenir sobornos, conflictos de inter\u00e9s, extorsiones, nepotismo, fraude, colusi\u00f3n, malversaci\u00f3n de fondos, entre otras pr\u00e1cticas negativas.<\/p>\t\t\t\t\t\t\t\t<\/div>\n\t\t\t\t<\/div>\n\t\t\t\t<div class=\"elementor-element elementor-element-7af9277 elementor-invisible elementor-widget elementor-widget-text-editor\" data-id=\"7af9277\" data-element_type=\"widget\" data-e-type=\"widget\" data-settings=\"{&quot;_animation&quot;:&quot;fadeInLeft&quot;}\" data-widget_type=\"text-editor.default\">\n\t\t\t\t<div class=\"elementor-widget-container\">\n\t\t\t\t\t\t\t\t\t<ul><li class=\"p1\">Contrataci\u00f3n de colaboradores: Se deben realizar m\u00faltiples entrevistas para la selecci\u00f3n de un nuevo colaborador, donde se evaluar\u00e1n los conocimientos t\u00e9cnicos, la capacidad de trabajo en equipo, experiencia, estudios y otros par\u00e1metros relevantes para el cargo que se est\u00e1 buscando cubrir. Queda estrictamente prohibida la participaci\u00f3n en el proceso de selecci\u00f3n de cualquier colaborador que tenga v\u00ednculos familiares o financieros con los postulantes al cargo.<\/li><\/ul><ul><li class=\"p1\">Selecci\u00f3n de proveedores: Se deben realizar m\u00faltiples cotizaciones y solicitar documentos que garanticen que nuestros proveedores est\u00e1n cumpliendo con la legislaci\u00f3n actual, la selecci\u00f3n se realizar\u00e1 evaluando el precio, calidad, capacidad t\u00e9cnica y tiempos de entrega propuestos por los proveedores. Debe quedar un registro de las cotizaciones y realizarse una evaluaci\u00f3n del proveedor una vez terminado el servicio, para as\u00ed tambi\u00e9n incluir un criterio de \u201cresultados anteriores\u201d el cual nos permite mejorar nuestro proceso de selecci\u00f3n. Queda estrictamente prohibida la participaci\u00f3n en el proceso de selecci\u00f3n de cualquier colaborador que tenga v\u00ednculos familiares o financieros con los proveedores.<\/li><\/ul>\t\t\t\t\t\t\t\t<\/div>\n\t\t\t\t<\/div>\n\t\t\t\t\t<\/div>\n\t\t<\/div>\n\t\t\t\t<div class=\"elementor-column elementor-col-50 elementor-inner-column elementor-element elementor-element-34053c5\" data-id=\"34053c5\" data-element_type=\"column\" data-e-type=\"column\" data-settings=\"{&quot;background_background&quot;:&quot;classic&quot;}\">\n\t\t\t<div class=\"elementor-widget-wrap elementor-element-populated\">\n\t\t\t\t\t\t<div class=\"elementor-element elementor-element-7dcd9bd2 elementor-invisible elementor-widget elementor-widget-image\" data-id=\"7dcd9bd2\" data-element_type=\"widget\" data-e-type=\"widget\" data-settings=\"{&quot;_animation&quot;:&quot;fadeInDown&quot;}\" data-widget_type=\"image.default\">\n\t\t\t\t<div class=\"elementor-widget-container\">\n\t\t\t\t\t\t\t\t\t\t\t\t\t\t\t<img fetchpriority=\"high\" decoding=\"async\" width=\"2560\" height=\"1709\" src=\"https:\/\/www.citytransfer.cl\/wp-content\/uploads\/2024\/07\/front-view-male-inside-car-with-door-opened-scaled.jpg\" class=\"attachment-full size-full wp-image-478\" alt=\"\" srcset=\"https:\/\/www.citytransfer.cl\/wp-content\/uploads\/2024\/07\/front-view-male-inside-car-with-door-opened-scaled.jpg 2560w, https:\/\/www.citytransfer.cl\/wp-content\/uploads\/2024\/07\/front-view-male-inside-car-with-door-opened-300x200.jpg 300w, https:\/\/www.citytransfer.cl\/wp-content\/uploads\/2024\/07\/front-view-male-inside-car-with-door-opened-1024x684.jpg 1024w, https:\/\/www.citytransfer.cl\/wp-content\/uploads\/2024\/07\/front-view-male-inside-car-with-door-opened-768x513.jpg 768w, https:\/\/www.citytransfer.cl\/wp-content\/uploads\/2024\/07\/front-view-male-inside-car-with-door-opened-1536x1025.jpg 1536w, https:\/\/www.citytransfer.cl\/wp-content\/uploads\/2024\/07\/front-view-male-inside-car-with-door-opened-2048x1367.jpg 2048w, https:\/\/www.citytransfer.cl\/wp-content\/uploads\/2024\/07\/front-view-male-inside-car-with-door-opened-18x12.jpg 18w\" sizes=\"(max-width: 2560px) 100vw, 2560px\" \/>\t\t\t\t\t\t\t\t\t\t\t\t\t\t\t<\/div>\n\t\t\t\t<\/div>\n\t\t\t\t<div class=\"elementor-element elementor-element-b11e8f9 elementor-invisible elementor-widget elementor-widget-text-editor\" data-id=\"b11e8f9\" data-element_type=\"widget\" data-e-type=\"widget\" data-settings=\"{&quot;_animation&quot;:&quot;fadeInLeft&quot;}\" data-widget_type=\"text-editor.default\">\n\t\t\t\t<div class=\"elementor-widget-container\">\n\t\t\t\t\t\t\t\t\t<ul><li class=\"p1\"><p class=\"p1\">Regalos y hospitalidad: Regalos, invitaciones o cualquier otro beneficio para nuestros colaboradores, que pueda influenciar en las decisiones comerciales de la empresa queda limitado a m\u00e1ximo 2UF al a\u00f1o y se debe informar a la gerencia o jefatura del \u00e1rea para que quede un registro. Queda estrictamente prohibido para nuestros colaboradores entregar o recibir regalos, favores u otros beneficios a funcionarios del estado, pol\u00edticos, gerentes o cualquier persona con la intenci\u00f3n de obtener beneficios indebidos.<\/p><\/li><\/ul><ul><li class=\"p1\"><p class=\"p1\">Bases de licitaciones: Se debe revisar constantemente las bases de las licitaciones de nuestros clientes para verificar que cumplan con todas las normativas anticorrupci\u00f3n y de probidad que estos solicitan.<\/p><\/li><\/ul><ul><li class=\"p1\"><p class=\"p1\">Contabilidad: Se debe velar por el cumplimiento de las leyes y regulaciones fiscales y financieras vigentes en todos los territorios en los que opere la empresa. Adem\u00e1s, de llevar registros precisos de todas las transacciones de la empresa y divulgar de forma oportuna y precisa la informaci\u00f3n financiera a los accionistas y reguladores.<\/p><\/li><\/ul><ul><li class=\"p1\"><p class=\"p1\">Transparencia y colaboraci\u00f3n: Nuestra empresa se compromete a colaborar con autoridades externas y transparentar cualquier informaci\u00f3n solicitada con el fin de que cumplan las leyes y la regulaci\u00f3n vigente.<\/p><p class=\"p1\">\u00a0<\/p><\/li><\/ul><ul><li class=\"p1\"><p class=\"p1\">Sanciones: Cualquier infracci\u00f3n a estas normas o la participaci\u00f3n en actos de corrupci\u00f3n, ser\u00e1 considerado un incumplimiento grave del contrato, por lo que se podr\u00e1 proceder con la desvinculaci\u00f3n o sanci\u00f3n del colaborador y, en caso de que lo amerite, se har\u00e1 una denuncia a las autoridades correspondientes.<\/p><\/li><\/ul>\t\t\t\t\t\t\t\t<\/div>\n\t\t\t\t<\/div>\n\t\t\t\t<div class=\"elementor-element elementor-element-f3ffd51 elementor-invisible elementor-widget elementor-widget-heading\" data-id=\"f3ffd51\" data-element_type=\"widget\" data-e-type=\"widget\" data-settings=\"{&quot;_animation&quot;:&quot;fadeInLeft&quot;}\" data-widget_type=\"heading.default\">\n\t\t\t\t<div class=\"elementor-widget-container\">\n\t\t\t\t\t<h2 class=\"elementor-heading-title elementor-size-default\">Protocolo de denuncia<\/h2>\t\t\t\t<\/div>\n\t\t\t\t<\/div>\n\t\t\t\t<div class=\"elementor-element elementor-element-8ef0553 elementor-invisible elementor-widget elementor-widget-text-editor\" data-id=\"8ef0553\" data-element_type=\"widget\" data-e-type=\"widget\" data-settings=\"{&quot;_animation&quot;:&quot;fadeInLeft&quot;}\" data-widget_type=\"text-editor.default\">\n\t\t\t\t<div class=\"elementor-widget-container\">\n\t\t\t\t\t\t\t\t\t<p>Nuestra empresa ofrece un protocolo para colaboradores que sean testigos sospechen conductas que infrinjan nuestro c\u00f3digo de \u00e9tica:<\/p>\n<ul>\n<li>Canal de denuncias: Nuestros colaboradores pueden hablar directamente con su jefe de \u00e1rea o el supervisor de este para levantar una denuncia. Tambi\u00e9n pueden escribir al mail trafico@citytransfer.cl o enviar una carta an\u00f3nima a la direcci\u00f3n de la empresa, La Florida 6703, Depto 22 La Florida, Santiago<\/li>\n<\/ul>\n<ul>\n<li>Investigaci\u00f3n y acci\u00f3n inmediata: Nuestra empresa se compromete a realizar una investigaci\u00f3n inmediatamente, excluyendo del proceso a quienes hayan sido<br><p>denunciados para que no puedan influenciar en esta y garantizado la seguridad del denunciante.<\/p>\n<\/li>\n<\/ul>\n<ul>\n<li>\n<p>Informe de la investigaci\u00f3n y medidas acorde: Una vez recopilada la informaci\u00f3n del caso, los encargados de la investigaci\u00f3n entregar\u00e1n un informe con sus conclusiones y recomendaciones. En caso de que se confirme una situaci\u00f3n de corrupci\u00f3n o de falta a la \u00e9tica, se tomar\u00e1n todas las medidas recomendadas en el informe de la investigaci\u00f3n, que pueden ser, sanciones administrativas, t\u00e9rmino de contrato, restituci\u00f3n de recursos, revisi\u00f3n de procesos internos, informar a las autoridades competentes, entre otros.trafico@citytransfer.cl<\/p>\n<\/li>\n<\/ul>\t\t\t\t\t\t\t\t<\/div>\n\t\t\t\t<\/div>\n\t\t\t\t\t<\/div>\n\t\t<\/div>\n\t\t\t\t\t<\/div>\n\t\t<\/section>\n\t\t\t\t\t<\/div>\n\t\t<\/div>\n\t\t\t\t\t<\/div>\n\t\t<\/section>\n\t\t\t\t<section class=\"elementor-section elementor-top-section elementor-element elementor-element-30e324cb elementor-reverse-tablet elementor-reverse-mobile elementor-section-boxed elementor-section-height-default elementor-section-height-default\" data-id=\"30e324cb\" data-element_type=\"section\" data-e-type=\"section\" data-settings=\"{&quot;background_background&quot;:&quot;classic&quot;}\">\n\t\t\t\t\t\t\t<div class=\"elementor-background-overlay\"><\/div>\n\t\t\t\t\t\t\t<div class=\"elementor-container elementor-column-gap-no\">\n\t\t\t\t\t<div class=\"elementor-column elementor-col-100 elementor-top-column elementor-element elementor-element-522ef36b\" data-id=\"522ef36b\" data-element_type=\"column\" data-e-type=\"column\">\n\t\t\t<div class=\"elementor-widget-wrap elementor-element-populated\">\n\t\t\t\t\t\t<div class=\"elementor-element elementor-element-4a67d7e5 elementor-invisible elementor-widget elementor-widget-heading\" data-id=\"4a67d7e5\" data-element_type=\"widget\" data-e-type=\"widget\" data-settings=\"{&quot;_animation&quot;:&quot;fadeInUp&quot;}\" data-widget_type=\"heading.default\">\n\t\t\t\t<div class=\"elementor-widget-container\">\n\t\t\t\t\t<h2 class=\"elementor-heading-title elementor-size-default\">Ahora que ya sabes, Disfruta de viajes destacados con nuestro servicios<\/h2>\t\t\t\t<\/div>\n\t\t\t\t<\/div>\n\t\t\t\t<div class=\"elementor-element elementor-element-20d1b637 elementor-widget elementor-widget-text-editor\" data-id=\"20d1b637\" data-element_type=\"widget\" data-e-type=\"widget\" data-widget_type=\"text-editor.default\">\n\t\t\t\t<div class=\"elementor-widget-container\">\n\t\t\t\t\t\t\t\t\t<p>At CityTransfer Transport, we are dedicated to offering comprehensive solutions for your transportation needs. Our commitment is to stay the course on every trip, ensuring that your mobility experiences shine on every journey.<\/p><p>\u00a0<\/p>\t\t\t\t\t\t\t\t<\/div>\n\t\t\t\t<\/div>\n\t\t\t\t<div class=\"elementor-element elementor-element-2fbfdbb1 elementor-view-stacked elementor-position-inline-start elementor-mobile-position-inline-start elementor-shape-circle elementor-invisible elementor-widget elementor-widget-icon-box\" data-id=\"2fbfdbb1\" data-element_type=\"widget\" data-e-type=\"widget\" data-settings=\"{&quot;_animation&quot;:&quot;fadeInRight&quot;}\" data-widget_type=\"icon-box.default\">\n\t\t\t\t<div class=\"elementor-widget-container\">\n\t\t\t\t\t\t\t<div class=\"elementor-icon-box-wrapper\">\n\n\t\t\t\t\t\t<div class=\"elementor-icon-box-icon\">\n\t\t\t\t<span  class=\"elementor-icon\">\n\t\t\t\t<i aria-hidden=\"true\" class=\"icon icon-phone1\"><\/i>\t\t\t\t<\/span>\n\t\t\t<\/div>\n\t\t\t\n\t\t\t\t\t\t<div class=\"elementor-icon-box-content\">\n\n\t\t\t\t\t\t\t\t\t<div class=\"elementor-icon-box-title\">\n\t\t\t\t\t\t<span  >\n\t\t\t\t\t\t\tFeel free to call us\t\t\t\t\t\t<\/span>\n\t\t\t\t\t<\/div>\n\t\t\t\t\n\t\t\t\t\t\t\t\t\t<p class=\"elementor-icon-box-description\">\n\t\t\t\t\t\t+56 9 64277103\t\t\t\t\t<\/p>\n\t\t\t\t\n\t\t\t<\/div>\n\t\t\t\n\t\t<\/div>\n\t\t\t\t\t\t<\/div>\n\t\t\t\t<\/div>\n\t\t\t\t<div class=\"elementor-element elementor-element-20029afe elementor-view-stacked elementor-position-inline-start elementor-mobile-position-inline-start elementor-shape-circle elementor-invisible elementor-widget elementor-widget-icon-box\" data-id=\"20029afe\" data-element_type=\"widget\" data-e-type=\"widget\" data-settings=\"{&quot;_animation&quot;:&quot;fadeInRight&quot;}\" data-widget_type=\"icon-box.default\">\n\t\t\t\t<div class=\"elementor-widget-container\">\n\t\t\t\t\t\t\t<div class=\"elementor-icon-box-wrapper\">\n\n\t\t\t\t\t\t<div class=\"elementor-icon-box-icon\">\n\t\t\t\t<span  class=\"elementor-icon\">\n\t\t\t\t<i aria-hidden=\"true\" class=\"icon icon-envelope2\"><\/i>\t\t\t\t<\/span>\n\t\t\t<\/div>\n\t\t\t\n\t\t\t\t\t\t<div class=\"elementor-icon-box-content\">\n\n\t\t\t\t\t\t\t\t\t<div class=\"elementor-icon-box-title\">\n\t\t\t\t\t\t<span  >\n\t\t\t\t\t\t\tIf you have any questions. Send us an email\t\t\t\t\t\t<\/span>\n\t\t\t\t\t<\/div>\n\t\t\t\t\n\t\t\t\t\t\t\t\t\t<p class=\"elementor-icon-box-description\">\n\t\t\t\t\t\ttrafico@citytransfer.cl\t\t\t\t\t<\/p>\n\t\t\t\t\n\t\t\t<\/div>\n\t\t\t\n\t\t<\/div>\n\t\t\t\t\t\t<\/div>\n\t\t\t\t<\/div>\n\t\t\t\t\t<\/div>\n\t\t<\/div>\n\t\t\t\t\t<\/div>\n\t\t<\/section>\n\t\t\t\t<\/div>","protected":false},"excerpt":{"rendered":"<p>PROGRAMA DE INTEGRIDAD Y COMPLIANCE Inicio Introducci\u00f3n PROGRAMA DE INTEGRIDAD Y COMPLIANCE Nuestra empresa est\u00e1 comprometida con impulsar una cultura [&hellip;]<\/p>\n","protected":false},"author":1,"featured_media":0,"parent":0,"menu_order":0,"comment_status":"closed","ping_status":"closed","template":"","meta":{"site-sidebar-layout":"no-sidebar","site-content-layout":"","ast-site-content-layout":"full-width-container","site-content-style":"default","site-sidebar-style":"default","ast-global-header-display":"","ast-banner-title-visibility":"","ast-main-header-display":"","ast-hfb-above-header-display":"","ast-hfb-below-header-display":"","ast-hfb-mobile-header-display":"","site-post-title":"disabled","ast-breadcrumbs-content":"","ast-featured-img":"disabled","footer-sml-layout":"","theme-transparent-header-meta":"","adv-header-id-meta":"","stick-header-meta":"","header-above-stick-meta":"","header-main-stick-meta":"","header-below-stick-meta":"","astra-migrate-meta-layouts":"default","ast-page-background-enabled":"default","ast-page-background-meta":{"desktop":{"background-color":"var(--ast-global-color-4)","background-image":"","background-repeat":"repeat","background-position":"center center","background-size":"auto","background-attachment":"scroll","background-type":"","background-media":"","overlay-type":"","overlay-color":"","overlay-opacity":"","overlay-gradient":""},"tablet":{"background-color":"","background-image":"","background-repeat":"repeat","background-position":"center center","background-size":"auto","background-attachment":"scroll","background-type":"","background-media":"","overlay-type":"","overlay-color":"","overlay-opacity":"","overlay-gradient":""},"mobile":{"background-color":"","background-image":"","background-repeat":"repeat","background-position":"center center","background-size":"auto","background-attachment":"scroll","background-type":"","background-media":"","overlay-type":"","overlay-color":"","overlay-opacity":"","overlay-gradient":""}},"ast-content-background-meta":{"desktop":{"background-color":"var(--ast-global-color-5)","background-image":"","background-repeat":"repeat","background-position":"center center","background-size":"auto","background-attachment":"scroll","background-type":"","background-media":"","overlay-type":"","overlay-color":"","overlay-opacity":"","overlay-gradient":""},"tablet":{"background-color":"var(--ast-global-color-5)","background-image":"","background-repeat":"repeat","background-position":"center center","background-size":"auto","background-attachment":"scroll","background-type":"","background-media":"","overlay-type":"","overlay-color":"","overlay-opacity":"","overlay-gradient":""},"mobile":{"background-color":"var(--ast-global-color-5)","background-image":"","background-repeat":"repeat","background-position":"center center","background-size":"auto","background-attachment":"scroll","background-type":"","background-media":"","overlay-type":"","overlay-color":"","overlay-opacity":"","overlay-gradient":""}},"_joinchat":[],"footnotes":""},"class_list":["post-669","page","type-page","status-publish","hentry"],"_links":{"self":[{"href":"https:\/\/www.citytransfer.cl\/en\/wp-json\/wp\/v2\/pages\/669","targetHints":{"allow":["GET"]}}],"collection":[{"href":"https:\/\/www.citytransfer.cl\/en\/wp-json\/wp\/v2\/pages"}],"about":[{"href":"https:\/\/www.citytransfer.cl\/en\/wp-json\/wp\/v2\/types\/page"}],"author":[{"embeddable":true,"href":"https:\/\/www.citytransfer.cl\/en\/wp-json\/wp\/v2\/users\/1"}],"replies":[{"embeddable":true,"href":"https:\/\/www.citytransfer.cl\/en\/wp-json\/wp\/v2\/comments?post=669"}],"version-history":[{"count":19,"href":"https:\/\/www.citytransfer.cl\/en\/wp-json\/wp\/v2\/pages\/669\/revisions"}],"predecessor-version":[{"id":694,"href":"https:\/\/www.citytransfer.cl\/en\/wp-json\/wp\/v2\/pages\/669\/revisions\/694"}],"wp:attachment":[{"href":"https:\/\/www.citytransfer.cl\/en\/wp-json\/wp\/v2\/media?parent=669"}],"curies":[{"name":"wp","href":"https:\/\/api.w.org\/{rel}","templated":true}]}}